{"id":1316,"date":"2022-09-07T10:35:26","date_gmt":"2022-09-07T10:35:26","guid":{"rendered":"https:\/\/volvo-baar.ch\/?page_id=1316"},"modified":"2026-02-18T14:16:11","modified_gmt":"2026-02-18T13:16:11","slug":"termin-vereinbaren","status":"publish","type":"page","link":"https:\/\/volvo-baar.ch\/staging\/kontakt\/termin-vereinbaren\/","title":{"rendered":"Termin Vereinbaren"},"content":{"rendered":"","protected":false},"excerpt":{"rendered":"","protected":false},"author":1,"featured_media":1279,"parent":48,"menu_order":0,"comment_status":"closed","ping_status":"closed","template":"template-termin.php","meta":{"inline_featured_image":false,"footnotes":""},"class_list":["post-1316","page","type-page","status-publish","has-post-thumbnail","hentry"],"yoast_head":"<!-- This site is optimized with the Yoast SEO plugin v19.10 - https:\/\/yoast.com\/wordpress\/plugins\/seo\/ -->\n<title>Termin Vereinbaren - H\u00fcsser &amp; Palkoska AG<\/title>\n<meta name=\"description\" content=\"Sie m\u00f6chten einen Termin vereinbaren? Dann kontaktieren Sie uns per E-Mail, Telefon oder \u00fcber unser Kontaktformular. Wir helfen Ihnen gerne.\" \/>\n<meta name=\"robots\" content=\"noindex, follow, max-snippet:-1, max-image-preview:large, max-video-preview:-1\" \/>\n<meta property=\"og:locale\" content=\"de_DE\" \/>\n<meta property=\"og:type\" content=\"article\" \/>\n<meta property=\"og:title\" content=\"Termin Vereinbaren - H\u00fcsser &amp; Palkoska AG\" \/>\n<meta property=\"og:description\" content=\"Sie m\u00f6chten einen Termin vereinbaren? Dann kontaktieren Sie uns per E-Mail, Telefon oder \u00fcber unser Kontaktformular. Wir helfen Ihnen gerne.\" \/>\n<meta property=\"og:url\" content=\"https:\/\/volvo-baar.ch\/staging\/kontakt\/termin-vereinbaren\/\" \/>\n<meta property=\"og:site_name\" content=\"H\u00fcsser &amp; Palkoska\" \/>\n<meta property=\"article:publisher\" content=\"https:\/\/www.facebook.com\/volvobaar.ch\" \/>\n<meta property=\"article:modified_time\" content=\"2026-02-18T13:16:11+00:00\" \/>\n<meta property=\"og:image\" content=\"https:\/\/volvo-baar.ch\/staging\/wp-content\/uploads\/2022\/09\/termin-banner-1024x488.png\" \/>\n\t<meta property=\"og:image:width\" content=\"1024\" \/>\n\t<meta property=\"og:image:height\" content=\"488\" \/>\n\t<meta property=\"og:image:type\" content=\"image\/png\" \/>\n<meta name=\"twitter:card\" content=\"summary_large_image\" \/>\n<script type=\"application\/ld+json\" class=\"yoast-schema-graph\">{\"@context\":\"https:\/\/schema.org\",\"@graph\":[{\"@type\":\"WebPage\",\"@id\":\"https:\/\/volvo-baar.ch\/staging\/kontakt\/termin-vereinbaren\/\",\"url\":\"https:\/\/volvo-baar.ch\/staging\/kontakt\/termin-vereinbaren\/\",\"name\":\"Termin Vereinbaren - H\u00fcsser & Palkoska AG\",\"isPartOf\":{\"@id\":\"https:\/\/volvo-baar.ch\/staging\/#website\"},\"datePublished\":\"2022-09-07T10:35:26+00:00\",\"dateModified\":\"2026-02-18T13:16:11+00:00\",\"description\":\"Sie m\u00f6chten einen Termin vereinbaren? Dann kontaktieren Sie uns per E-Mail, Telefon oder \u00fcber unser Kontaktformular. Wir helfen Ihnen gerne.\",\"breadcrumb\":{\"@id\":\"https:\/\/volvo-baar.ch\/staging\/kontakt\/termin-vereinbaren\/#breadcrumb\"},\"inLanguage\":\"de\",\"potentialAction\":[{\"@type\":\"ReadAction\",\"target\":[\"https:\/\/volvo-baar.ch\/staging\/kontakt\/termin-vereinbaren\/\"]}]},{\"@type\":\"BreadcrumbList\",\"@id\":\"https:\/\/volvo-baar.ch\/staging\/kontakt\/termin-vereinbaren\/#breadcrumb\",\"itemListElement\":[{\"@type\":\"ListItem\",\"position\":1,\"name\":\"Home\",\"item\":\"https:\/\/volvo-baar.ch\/staging\/\"},{\"@type\":\"ListItem\",\"position\":2,\"name\":\"Kontakt\",\"item\":\"https:\/\/volvo-baar.ch\/staging\/kontakt\/\"},{\"@type\":\"ListItem\",\"position\":3,\"name\":\"Termin Vereinbaren\"}]},{\"@type\":\"WebSite\",\"@id\":\"https:\/\/volvo-baar.ch\/staging\/#website\",\"url\":\"https:\/\/volvo-baar.ch\/staging\/\",\"name\":\"H\u00fcsser &amp; Palkoska\",\"description\":\"H\u00fcsser &amp; Palkoska AG\",\"publisher\":{\"@id\":\"https:\/\/volvo-baar.ch\/staging\/#organization\"},\"potentialAction\":[{\"@type\":\"SearchAction\",\"target\":{\"@type\":\"EntryPoint\",\"urlTemplate\":\"https:\/\/volvo-baar.ch\/staging\/?s={search_term_string}\"},\"query-input\":\"required name=search_term_string\"}],\"inLanguage\":\"de\"},{\"@type\":\"Organization\",\"@id\":\"https:\/\/volvo-baar.ch\/staging\/#organization\",\"name\":\"H\u00fcsser &amp; Palkoska\",\"url\":\"https:\/\/volvo-baar.ch\/staging\/\",\"logo\":{\"@type\":\"ImageObject\",\"inLanguage\":\"de\",\"@id\":\"https:\/\/volvo-baar.ch\/staging\/#\/schema\/logo\/image\/\",\"url\":\"https:\/\/volvobaar.hosting2.tempdomain.ch\/wp-content\/uploads\/2022\/11\/Husser-logo-transparent.svg\",\"contentUrl\":\"https:\/\/volvobaar.hosting2.tempdomain.ch\/wp-content\/uploads\/2022\/11\/Husser-logo-transparent.svg\",\"width\":\"1024\",\"height\":\"1024\",\"caption\":\"H\u00fcsser &amp; Palkoska\"},\"image\":{\"@id\":\"https:\/\/volvo-baar.ch\/staging\/#\/schema\/logo\/image\/\"},\"sameAs\":[\"https:\/\/www.linkedin.com\/company\/hsser-palkoska-ag\/\",\"https:\/\/www.instagram.com\/volvobaar.ch\/\",\"https:\/\/www.facebook.com\/volvobaar.ch\"]}]}<\/script>\n<!-- \/ Yoast SEO plugin. -->","yoast_head_json":{"title":"Termin Vereinbaren - H\u00fcsser & Palkoska AG","description":"Sie m\u00f6chten einen Termin vereinbaren? Dann kontaktieren Sie uns per E-Mail, Telefon oder \u00fcber unser Kontaktformular. Wir helfen Ihnen gerne.","robots":{"index":"noindex","follow":"follow","max-snippet":"max-snippet:-1","max-image-preview":"max-image-preview:large","max-video-preview":"max-video-preview:-1"},"og_locale":"de_DE","og_type":"article","og_title":"Termin Vereinbaren - H\u00fcsser & Palkoska AG","og_description":"Sie m\u00f6chten einen Termin vereinbaren? Dann kontaktieren Sie uns per E-Mail, Telefon oder \u00fcber unser Kontaktformular. Wir helfen Ihnen gerne.","og_url":"https:\/\/volvo-baar.ch\/staging\/kontakt\/termin-vereinbaren\/","og_site_name":"H\u00fcsser &amp; Palkoska","article_publisher":"https:\/\/www.facebook.com\/volvobaar.ch","article_modified_time":"2026-02-18T13:16:11+00:00","og_image":[{"width":1024,"height":488,"url":"https:\/\/volvo-baar.ch\/staging\/wp-content\/uploads\/2022\/09\/termin-banner-1024x488.png","type":"image\/png"}],"twitter_card":"summary_large_image","schema":{"@context":"https:\/\/schema.org","@graph":[{"@type":"WebPage","@id":"https:\/\/volvo-baar.ch\/staging\/kontakt\/termin-vereinbaren\/","url":"https:\/\/volvo-baar.ch\/staging\/kontakt\/termin-vereinbaren\/","name":"Termin Vereinbaren - H\u00fcsser & Palkoska AG","isPartOf":{"@id":"https:\/\/volvo-baar.ch\/staging\/#website"},"datePublished":"2022-09-07T10:35:26+00:00","dateModified":"2026-02-18T13:16:11+00:00","description":"Sie m\u00f6chten einen Termin vereinbaren? Dann kontaktieren Sie uns per E-Mail, Telefon oder \u00fcber unser Kontaktformular. Wir helfen Ihnen gerne.","breadcrumb":{"@id":"https:\/\/volvo-baar.ch\/staging\/kontakt\/termin-vereinbaren\/#breadcrumb"},"inLanguage":"de","potentialAction":[{"@type":"ReadAction","target":["https:\/\/volvo-baar.ch\/staging\/kontakt\/termin-vereinbaren\/"]}]},{"@type":"BreadcrumbList","@id":"https:\/\/volvo-baar.ch\/staging\/kontakt\/termin-vereinbaren\/#breadcrumb","itemListElement":[{"@type":"ListItem","position":1,"name":"Home","item":"https:\/\/volvo-baar.ch\/staging\/"},{"@type":"ListItem","position":2,"name":"Kontakt","item":"https:\/\/volvo-baar.ch\/staging\/kontakt\/"},{"@type":"ListItem","position":3,"name":"Termin Vereinbaren"}]},{"@type":"WebSite","@id":"https:\/\/volvo-baar.ch\/staging\/#website","url":"https:\/\/volvo-baar.ch\/staging\/","name":"H\u00fcsser &amp; Palkoska","description":"H\u00fcsser &amp; Palkoska AG","publisher":{"@id":"https:\/\/volvo-baar.ch\/staging\/#organization"},"potentialAction":[{"@type":"SearchAction","target":{"@type":"EntryPoint","urlTemplate":"https:\/\/volvo-baar.ch\/staging\/?s={search_term_string}"},"query-input":"required name=search_term_string"}],"inLanguage":"de"},{"@type":"Organization","@id":"https:\/\/volvo-baar.ch\/staging\/#organization","name":"H\u00fcsser &amp; Palkoska","url":"https:\/\/volvo-baar.ch\/staging\/","logo":{"@type":"ImageObject","inLanguage":"de","@id":"https:\/\/volvo-baar.ch\/staging\/#\/schema\/logo\/image\/","url":"https:\/\/volvobaar.hosting2.tempdomain.ch\/wp-content\/uploads\/2022\/11\/Husser-logo-transparent.svg","contentUrl":"https:\/\/volvobaar.hosting2.tempdomain.ch\/wp-content\/uploads\/2022\/11\/Husser-logo-transparent.svg","width":"1024","height":"1024","caption":"H\u00fcsser &amp; Palkoska"},"image":{"@id":"https:\/\/volvo-baar.ch\/staging\/#\/schema\/logo\/image\/"},"sameAs":["https:\/\/www.linkedin.com\/company\/hsser-palkoska-ag\/","https:\/\/www.instagram.com\/volvobaar.ch\/","https:\/\/www.facebook.com\/volvobaar.ch"]}]}},"acf":[],"_links":{"self":[{"href":"https:\/\/volvo-baar.ch\/staging\/wp-json\/wp\/v2\/pages\/1316","targetHints":{"allow":["GET"]}}],"collection":[{"href":"https:\/\/volvo-baar.ch\/staging\/wp-json\/wp\/v2\/pages"}],"about":[{"href":"https:\/\/volvo-baar.ch\/staging\/wp-json\/wp\/v2\/types\/page"}],"author":[{"embeddable":true,"href":"https:\/\/volvo-baar.ch\/staging\/wp-json\/wp\/v2\/users\/1"}],"replies":[{"embeddable":true,"href":"https:\/\/volvo-baar.ch\/staging\/wp-json\/wp\/v2\/comments?post=1316"}],"version-history":[{"count":27,"href":"https:\/\/volvo-baar.ch\/staging\/wp-json\/wp\/v2\/pages\/1316\/revisions"}],"predecessor-version":[{"id":6905,"href":"https:\/\/volvo-baar.ch\/staging\/wp-json\/wp\/v2\/pages\/1316\/revisions\/6905"}],"up":[{"embeddable":true,"href":"https:\/\/volvo-baar.ch\/staging\/wp-json\/wp\/v2\/pages\/48"}],"wp:featuredmedia":[{"embeddable":true,"href":"https:\/\/volvo-baar.ch\/staging\/wp-json\/wp\/v2\/media\/1279"}],"wp:attachment":[{"href":"https:\/\/volvo-baar.ch\/staging\/wp-json\/wp\/v2\/media?parent=1316"}],"curies":[{"name":"wp","href":"https:\/\/api.w.org\/{rel}","templated":true}]}}